{"id":43,"date":"2016-03-01T13:40:36","date_gmt":"2016-03-01T12:40:36","guid":{"rendered":"http:\/\/www.personalberatung-schulz.de\/?page_id=43"},"modified":"2016-03-03T21:01:15","modified_gmt":"2016-03-03T20:01:15","slug":"wer-wir-sind","status":"publish","type":"page","link":"https:\/\/www.personalberatung-schulz.de\/?page_id=43","title":{"rendered":"Wer wir sind"},"content":{"rendered":"<p><img loading=\"lazy\" decoding=\"async\" class=\"size-medium wp-image-19 alignright\" src=\"http:\/\/www.personalberatung-schulz.de\/wp-content\/uploads\/2016\/02\/ups-300x200.jpg\" alt=\"ups\" width=\"300\" height=\"200\" srcset=\"https:\/\/www.personalberatung-schulz.de\/wp-content\/uploads\/2016\/02\/ups-300x200.jpg 300w, https:\/\/www.personalberatung-schulz.de\/wp-content\/uploads\/2016\/02\/ups.jpg 567w\" sizes=\"auto, (max-width: 300px) 100vw, 300px\" \/><\/p>\n<p>Dipl.-Betriebswirt Ulrich P. Schulz studierte Vertrieb\/Marketing sowie Personalwesen und diplomierte im Schwerpunkt Personalmanagement bei Prof. Dr. Lothar J. Seiwert in Wiesbaden.<\/p>\n<p>Danach war er \u00fcber 10 Jahre im Vertrieb und als Marketingleiter in der Industrie t\u00e4tig. Im Jahr 2000 gr\u00fcndete Ulrich P. Schulz die gleichnamige Personalberatung, zun\u00e4chst als eigenst\u00e4ndiges Partnerb\u00fcro der weltweit gr\u00f6\u00dften Personalberatungsorganisation.<\/p>\n<p>Durch die Einbindung in verschiedene Netzwerke von Personal- und Beratungsspezialisten nutzen unsere Kunden und Kandidaten heute einerseits die pers\u00f6nliche und individuelle Beratung eines inhabergef\u00fchrten, branchenspezialisierten B\u00fcros und gleichzeitig den Zugang zu weiteren, f\u00fchrenden Spezialisten f\u00fcr unterschiedliche, jeweilige Bedarfsf\u00e4lle.<\/p>","protected":false},"excerpt":{"rendered":"<p>Dipl.-Betriebswirt Ulrich P. Schulz studierte Vertrieb\/Marketing sowie Personalwesen und diplomierte im Schwerpunkt Personalmanagement bei Prof. Dr. Lothar J. Seiwert in Wiesbaden. Danach war er \u00fcber 10 Jahre im Vertrieb und als Marketingleiter in der Industrie t\u00e4tig. Im Jahr 2000 gr\u00fcndete Ulrich P. Schulz die gleichnamige Personalberatung, zun\u00e4chst als eigenst\u00e4ndiges Partnerb\u00fcro der weltweit gr\u00f6\u00dften Personalberatungsorganisation. Durch [&hellip;]<\/p>\n","protected":false},"author":1,"featured_media":0,"parent":0,"menu_order":0,"comment_status":"closed","ping_status":"closed","template":"","meta":{"footnotes":""},"class_list":["post-43","page","type-page","status-publish","hentry"],"_links":{"self":[{"href":"https:\/\/www.personalberatung-schulz.de\/index.php?rest_route=\/wp\/v2\/pages\/43","targetHints":{"allow":["GET"]}}],"collection":[{"href":"https:\/\/www.personalberatung-schulz.de\/index.php?rest_route=\/wp\/v2\/pages"}],"about":[{"href":"https:\/\/www.personalberatung-schulz.de\/index.php?rest_route=\/wp\/v2\/types\/page"}],"author":[{"embeddable":true,"href":"https:\/\/www.personalberatung-schulz.de\/index.php?rest_route=\/wp\/v2\/users\/1"}],"replies":[{"embeddable":true,"href":"https:\/\/www.personalberatung-schulz.de\/index.php?rest_route=%2Fwp%2Fv2%2Fcomments&post=43"}],"version-history":[{"count":5,"href":"https:\/\/www.personalberatung-schulz.de\/index.php?rest_route=\/wp\/v2\/pages\/43\/revisions"}],"predecessor-version":[{"id":86,"href":"https:\/\/www.personalberatung-schulz.de\/index.php?rest_route=\/wp\/v2\/pages\/43\/revisions\/86"}],"wp:attachment":[{"href":"https:\/\/www.personalberatung-schulz.de\/index.php?rest_route=%2Fwp%2Fv2%2Fmedia&parent=43"}],"curies":[{"name":"wp","href":"https:\/\/api.w.org\/{rel}","templated":true}]}}